{"id":41,"date":"2024-05-15T17:14:58","date_gmt":"2024-05-15T17:14:58","guid":{"rendered":"https:\/\/itptravelagency.online\/website_17d18275\/?page_id=41"},"modified":"2024-06-06T14:33:37","modified_gmt":"2024-06-06T14:33:37","slug":"register","status":"publish","type":"page","link":"https:\/\/itptravelagency.online\/website_17d18275\/register\/","title":{"rendered":"REGISTER"},"content":{"rendered":"<section class=\"l-section wpb_row height_medium\"><div class=\"l-section-h i-cf\"><div class=\"g-cols vc_row via_grid cols_1-2-1 laptops-cols_inherit tablets-cols_inherit mobiles-cols_1 valign_top type_default stacking_default\"><div class=\"wpb_column vc_column_container\"><div class=\"vc_column-inner\"><\/div><\/div><div class=\"wpb_column vc_column_container\"><div class=\"vc_column-inner\"><div class=\"wpb_text_column\"><div class=\"wpb_wrapper\"><h1><strong>Reg\u00edstrate aqu\u00ed<\/strong><\/h1>\n<p>Completa el siguiente formulario para registrarte en la Intranet de ITP Travel Agency.<\/p>\n<\/div><\/div><div class=\"w-separator size_small\"><\/div><div class=\"wpb_text_column\"><div class=\"wpb_wrapper\">\t<div class='user-registration ur-frontend-form   ' id='user-registration-form-25'>\n\t\t\t\t\t\t\t\t<form method='post' class='register' data-form-id=\"25\"\n\t\t\t\tdata-enable-strength-password=\"1\" data-minimum-password-strength=\"3\"\n\t\t\t\t\t\t\t\t\t\t\t\t\t\t\t data-captcha-enabled=\"1\">\n\n\t\t\t\t<div class=\"ur-form-row\" data-row-id=\"0\">\t\t\t\t\t\t\t<div class=\"ur-form-grid ur-grid-1\"\n\t\t\t\t\t\t\t\tstyle=\"width:99%\">\n\t\t\t\t\t\t\t\t\t\t\t\t\t\t\t\t<div  data-field-id=\"user_login\" class=\"ur-field-item field-user_login \" data-ref-id=\"user_login\" data-field-pattern-enabled=\"0\" data-field-pattern-value=\" \" data-field-pattern-message=\" \">\n\t\t\t\t\t\t\t\t\t\t<div class=\"form-row validate-required\" id=\"user_login_field\" data-priority=\"\" ><label for=\"user_login\" class=\"ur-label\">Nombre de usuario <abbr class=\"required\" title=\"obligatorio\">*<\/abbr><\/label> <span class=\"input-wrapper\"> <input  data-rules=\"\" data-id=\"user_login\" type=\"text\" class=\"input-text   input-text ur-frontend-field  \" name=\"user_login\" id=\"user_login\" placeholder=\"\"  value=\"\" required=\"required\" data-label=\"Nombre de usuario\" data-username-character=\"1\"\/> <\/span> <\/div>\t\t\t\t\t\t\t\t\t<\/div>\n\t\t\t\t\t\t\t\t\t\t\t\t\t\t\t\t\t\t<div  data-field-id=\"user_email\" class=\"ur-field-item field-user_email \" data-ref-id=\"user_email\" data-field-pattern-enabled=\"0\" data-field-pattern-value=\" \" data-field-pattern-message=\" \">\n\t\t\t\t\t\t\t\t\t\t<div class=\"form-row validate-required\" id=\"user_email_field\" data-priority=\"\" ><label for=\"user_email\" class=\"ur-label\">Direccion de Email <abbr class=\"required\" title=\"obligatorio\">*<\/abbr><\/label> <span class=\"input-wrapper\"> <input  data-rules=\"\" data-id=\"user_email\" type=\"email\" class=\"input-text   input-email ur-frontend-field  \" name=\"user_email\" id=\"user_email\" placeholder=\"\"  value=\"\" required=\"required\" data-label=\"Direccion de Email\" \/> <\/span> <\/div>\t\t\t\t\t\t\t\t\t<\/div>\n\t\t\t\t\t\t\t\t\t\t\t\t\t\t\t\t\t\t<div  data-field-id=\"input_box_1755622754\" class=\"ur-field-item field-text \" data-ref-id=\"input_box_1755622754\" data-field-pattern-enabled=\"0\" data-field-pattern-value=\" \" data-field-pattern-message=\" \">\n\t\t\t\t\t\t\t\t\t\t<div class=\"form-row validate-required\" id=\"input_box_1755622754_field\" data-priority=\"\" ><label for=\"input_box_1755622754\" class=\"ur-label\">A qu\u00e9 agencia pertenece <abbr class=\"required\" title=\"obligatorio\">*<\/abbr><\/label> <span class=\"input-wrapper\"> <input  data-rules=\"\" data-id=\"input_box_1755622754\" type=\"text\" class=\"input-text   input-text ur-frontend-field  \" name=\"input_box_1755622754\" id=\"input_box_1755622754\" placeholder=\"\"  value=\"\" required=\"required\" data-label=\"A qu\u00e9 agencia pertenece\" \/> <\/span> <\/div>\t\t\t\t\t\t\t\t\t<\/div>\n\t\t\t\t\t\t\t\t\t\t\t\t\t\t\t\t<\/div>\n\t\t\t\t\t\t\t\t\t\t\t\t\t<\/div>\n\t\t\t\t\t\t<div class=\"ur-form-row\" data-row-id=\"1\">\t\t\t\t\t\t\t<div class=\"ur-form-grid ur-grid-1\"\n\t\t\t\t\t\t\t\tstyle=\"width:48%\">\n\t\t\t\t\t\t\t\t\t\t\t\t\t\t\t\t<div  data-field-id=\"user_pass\" class=\"ur-field-item field-user_pass \" data-ref-id=\"user_pass\" data-field-pattern-enabled=\"0\" data-field-pattern-value=\" \" data-field-pattern-message=\" \">\n\t\t\t\t\t\t\t\t\t\t<div class=\"form-row validate-required hide_show_password\" id=\"user_pass_field\" data-priority=\"\"><label for=\"user_pass\" class=\"ur-label\">Contrase\u00f1a <abbr class=\"required\" title=\"obligatorio\">*<\/abbr><\/label> <span class=\"input-wrapper\"> <span class=\"password-input-group input-form-field-icons\"><input data-rules=\"\" data-id=\"user_pass\" type=\"password\" class=\"input-text  input-password ur-frontend-field  \" name=\"user_pass\" id=\"user_pass\" placeholder=\"\"  value=\"\" required=\"required\" data-label=\"Contrase\u00f1a\" \/><\/span> <\/span> <\/div>\t\t\t\t\t\t\t\t\t<\/div>\n\t\t\t\t\t\t\t\t\t\t\t\t\t\t\t\t<\/div>\n\t\t\t\t\t\t\t\t\t\t\t\t\t\t<div class=\"ur-form-grid ur-grid-2\"\n\t\t\t\t\t\t\t\tstyle=\"width:48%\">\n\t\t\t\t\t\t\t\t\t\t\t\t\t\t\t\t<div  data-field-id=\"user_confirm_password\" class=\"ur-field-item field-user_confirm_password \" data-ref-id=\"user_confirm_password\" data-field-pattern-enabled=\"0\" data-field-pattern-value=\" \" data-field-pattern-message=\" \">\n\t\t\t\t\t\t\t\t\t\t<div class=\"form-row validate-required hide_show_password\" id=\"user_confirm_password_field\" data-priority=\"\"><label for=\"user_confirm_password\" class=\"ur-label\">Confirmar Contrase\u00f1a <abbr class=\"required\" title=\"obligatorio\">*<\/abbr><\/label> <span class=\"input-wrapper\"> <span class=\"password-input-group input-form-field-icons\"><input data-rules=\"\" data-id=\"user_confirm_password\" type=\"password\" class=\"input-text  input-password ur-frontend-field  \" name=\"user_confirm_password\" id=\"user_confirm_password\" placeholder=\"\"  value=\"\" required=\"required\" data-label=\"Confirmar Contrase\u00f1a\" \/><\/span> <\/span> <\/div>\t\t\t\t\t\t\t\t\t<\/div>\n\t\t\t\t\t\t\t\t\t\t\t\t\t\t\t\t<\/div>\n\t\t\t\t\t\t\t\t\t\t\t\t\t<\/div>\n\t\t\t\t\t\t\t\t\t\t\t\t<div id=\"ur-recaptcha-node\"> <div id=\"node_recaptcha_register\" class=\"g-recaptcha\"><\/div><\/div>\t\t\t\t\t\t<div class=\"ur-button-container \" >\n\t\t\t\t\t\t\t\t\t\t\t\t\t\t<button type=\"submit\" class=\"btn button ur-submit-button \"  conditional_rules=\"&quot;&quot;\">\n\t\t\t\t\t\t\t\t<span><\/span>\n\t\t\t\t\t\t\t\tRegistrarse\t\t\t\t\t\t\t<\/button>\n\t\t\t\t\t\t\t\t\t\t\t\t\t\t\t\t\t\t\t\t<\/div>\n\t\t\t\t\t\t\n\t\t\t\t<div style=\"clear:both\"><\/div>\n\t\t\t\t\t\t\t\t<input type=\"hidden\" name=\"ur-registration-language\" value=\"es\"\/>\n\t\t\t\t<input type=\"hidden\" name=\"ur-user-form-id\" value=\"25\"\/>\n\t\t\t\t<input type=\"hidden\" name=\"ur-redirect-url\" value=\"\"\/>\n\t\t\t\t<input type=\"hidden\" id=\"ur_frontend_form_nonce\" name=\"ur_frontend_form_nonce\" value=\"0d12145f98\" \/>\n\t\t\t\t\n\t\t\t<\/form>\n\t\t\t\n\t\t<div style=\"clear:both\"><\/div>\n\t<\/div>\n\n\n<\/div><\/div><\/div><\/div><div class=\"wpb_column vc_column_container\"><div class=\"vc_column-inner\"><\/div><\/div><\/div><\/div><\/section>\n","protected":false},"excerpt":{"rendered":"Reg\u00edstrate aqu\u00ed Completa el siguiente formulario para registrarte en la Intranet de ITP Travel Agency. Nombre de usuario * Direccion de Email * A qu\u00e9 agencia pertenece * Contrase\u00f1a * Confirmar Contrase\u00f1a * Registrarse","protected":false},"author":1,"featured_media":0,"parent":0,"menu_order":0,"comment_status":"closed","ping_status":"closed","template":"","meta":{"_joinchat":[],"footnotes":""},"class_list":["post-41","page","type-page","status-publish","hentry"],"_links":{"self":[{"href":"https:\/\/itptravelagency.online\/website_17d18275\/wp-json\/wp\/v2\/pages\/41","targetHints":{"allow":["GET"]}}],"collection":[{"href":"https:\/\/itptravelagency.online\/website_17d18275\/wp-json\/wp\/v2\/pages"}],"about":[{"href":"https:\/\/itptravelagency.online\/website_17d18275\/wp-json\/wp\/v2\/types\/page"}],"author":[{"embeddable":true,"href":"https:\/\/itptravelagency.online\/website_17d18275\/wp-json\/wp\/v2\/users\/1"}],"replies":[{"embeddable":true,"href":"https:\/\/itptravelagency.online\/website_17d18275\/wp-json\/wp\/v2\/comments?post=41"}],"version-history":[{"count":4,"href":"https:\/\/itptravelagency.online\/website_17d18275\/wp-json\/wp\/v2\/pages\/41\/revisions"}],"predecessor-version":[{"id":218,"href":"https:\/\/itptravelagency.online\/website_17d18275\/wp-json\/wp\/v2\/pages\/41\/revisions\/218"}],"wp:attachment":[{"href":"https:\/\/itptravelagency.online\/website_17d18275\/wp-json\/wp\/v2\/media?parent=41"}],"curies":[{"name":"wp","href":"https:\/\/api.w.org\/{rel}","templated":true}]}}