{"id":37,"date":"2024-05-14T17:01:00","date_gmt":"2024-05-14T17:01:00","guid":{"rendered":"https:\/\/itptravelagency.online\/website_17d18275\/home-2\/"},"modified":"2024-07-31T15:50:54","modified_gmt":"2024-07-31T15:50:54","slug":"home-2","status":"publish","type":"page","link":"https:\/\/itptravelagency.online\/website_17d18275\/","title":{"rendered":"Home"},"content":{"rendered":"<section class=\"l-section wpb_row height_medium\"><div class=\"l-section-h i-cf\"><div class=\"g-cols vc_row via_grid cols_1-2-1 laptops-cols_inherit tablets-cols_inherit mobiles-cols_1 valign_top type_default stacking_default\"><div class=\"wpb_column vc_column_container\"><div class=\"vc_column-inner\"><\/div><\/div><div class=\"wpb_column vc_column_container\"><div class=\"vc_column-inner\"><div class=\"wpb_text_column\"><div class=\"wpb_wrapper\"><h1>Bienvenido al Intranet de ITP Travel!<\/h1>\n<p><a href=\"https:\/\/itptravelagency.online\/website_17d18275\/register\/\"><strong>Reg\u00edstrate aqu\u00ed.<\/strong><\/a><\/p>\n<\/div><\/div><div class=\"wpb_text_column\"><div class=\"wpb_wrapper\"><div id=\"user-registration\" class=\"user-registration\">\n<div class=\"ur-frontend-form login  \" id=\"ur-frontend-form\">\n\t\t<form class=\"user-registration-form user-registration-form-login login\" method=\"post\">\n\t\t<div class=\"ur-form-row\">\n\t\t\t<div class=\"ur-form-grid\">\n\t\t\t\t\t\t\t\t\t\t\t\t<div\n\t\t\t\t\tclass=\" user-registration-form-row user-registration-form-row--wide form-row form-row-wide\"\n\t\t\t\t\tdata-field=\"username\">\n\t\t\t\t\t<label for=\"username\">Nombre de usuario o Email <span class=\"required\">*<\/span><\/label>\t\t\t\t\t<span class=\"input-wrapper\">\n\t\t\t\t\t\t<input placeholder=\"\" type=\"text\"\n\t\t\t\t\t\t\t\tclass=\"user-registration-Input user-registration-Input--text input-text\" name=\"username\"\n\t\t\t\t\t\t\t\tid=\"username\"\n\t\t\t\t\t\t\t   value=\"\"\n\t\t\t\t\t\t\t\tstyle=\"\"\n\t\t\t\t\t\t\t\t\t\t\t\t\t\t\/>\n\t\t\t\t\t\t\t\t\t\t\t\t<\/span>\n\t\t\t\t<\/div>\n\t\t\t\t\t\t\t\t\t<div\n\t\t\t\t\t\tclass=\" user-registration-form-row user-registration-form-row--wide form-row form-row-wide\"\n\t\t\t\t\t\tdata-field=\"password\">\n\t\t\t\t\t\t<label for=\"password\">Contrase\u00f1a <span class=\"required\">*<\/span><\/label>\t\t\t\t\t\t<span class=\"input-wrapper\">\n\t\t\t\t\t\t<span class=\"password-input-group\">\n\t\t\t\t\t\t<input\n\t\t\t\t\t\t\tplaceholder=\"\"\n\t\t\t\t\t\t\tclass=\"user-registration-Input user-registration-Input--text input-text\" type=\"password\"\n\t\t\t\t\t\t\tname=\"password\" id=\"password\"\n\t\t\t\t\t\t\tstyle=\"\"\n\t\t\t\t\t\t\t\t\t\t\t\t\t\/>\n\n\t\t\t\t\t\t\t\t\t\t\t\t\t\t\t\t\t\t\t<\/span>\n\t\t\t\t\t<\/div>\n\t\t\t\t\t\t\t\t\n\t\t\t\t\t\t\t\t<div class=\"form-row\">\n\t\t\t\t\t<input type=\"hidden\" id=\"user-registration-login-nonce\" name=\"user-registration-login-nonce\" value=\"3f1260d78e\" \/><input type=\"hidden\" name=\"_wp_http_referer\" value=\"\/website_17d18275\/wp-json\/wp\/v2\/pages\/37\" \/>\t\t\t\t\t\t<div class=\"user-registration-before-login-btn\">\n\t\t\t\t\t\t\t\t\t\t\t\t\t\t\t<div class=\"\" data-field=\"remember-me\">\n\t\t\t\t\t\t\t\t\t<label\n\t\t\t\t\t\t\t\t\t\tclass=\"user-registration-form__label user-registration-form__label-for-checkbox inline\">\n\t\t\t\t\t\t\t\t\t\t<input\n\t\t\t\t\t\t\t\t\t\t\tclass=\"user-registration-form__input user-registration-form__input-checkbox\"\n\t\t\t\t\t\t\t\t\t\t\tname=\"rememberme\" type=\"checkbox\" id=\"rememberme\" value=\"forever\"\n\t\t\t\t\t\t\t\t\t\t\t\t\t\t\t\t\t\t\t\t\t\/>\n\t\t\t\t\t\t\t\t\t\t<span>Recu\u00e9rdame<\/span>\n\t\t\t\t\t\t\t\t\t<\/label>\n\t\t\t\t\t\t\t\t<\/div>\n\t\t\t\t\t\t\t\t\t\t\t\t\t\t\t\t\t\t\t\t\t\t\t<div data-field=\"lost-password\"\n\t\t\t\t\t\t\t\t\tclass=\"user-registration-LostPassword lost_password \">\n\t\t\t\t\t\t\t\t\t<label\n\t\t\t\t\t\t\t\t\t\tclass=\"user-registration-form__label user-registration-form__label-for-checkbox inline\">\n\t\t\t\t\t\t\t\t\t\t<a href=\"https:\/\/itptravelagency.online\/website_17d18275\/my-account\/forgot-password\/\">Olvidaste tu contrase\u00f1a<\/a>\n\t\t\t\t\t\t\t\t\t<\/label>\n\t\t\t\t\t\t\t\t<\/div>\n\t\t\t\t\t\t\t\t\t\t\t\t\t\t<\/div>\n\t\t\t\t\t\t\t\t\t\t<\/div>\n\t\t\t\t<div data-field=\"login-button\" class=\"\">\n\t\t\t\t\t\t\t\t\t\t\t\t\t\t\t\t<button type=\"submit\"\n\t\t\t\t\t\t\t\tclass=\"user-registration-Button button ur-submit-button  \"\n\t\t\t\t\t\t\t\tname=\"login\"\n\t\t\t\t\t\t\t\tvalue=\"Ingresar\">Ingresar<\/button>\n\t\t\t\t\t\t\t\t\t<\/div>\n\t\t\t\t<input type=\"hidden\" name=\"redirect\"\n\t\t\t\t\t\tvalue=\"https:\/\/itptravelagency.online\/website_17d18275\/aerolineas\/\"\/>\n\t\t\t\t<input type=\"hidden\" name=\"previous_page\" value=\"\"\/>\n\t\t\t\t\t\t\t\t\t\t\t<\/div>\n\t\t<\/div>\n\t<\/form>\n<\/div>\n\n<\/div>\n<\/div><\/div><\/div><\/div><div class=\"wpb_column vc_column_container\"><div class=\"vc_column-inner\"><\/div><\/div><\/div><\/div><\/section>\n","protected":false},"excerpt":{"rendered":"Bienvenido al Intranet de ITP Travel! Reg\u00edstrate aqu\u00ed. Nombre de usuario o Email * Contrase\u00f1a * Recu\u00e9rdame Olvidaste tu contrase\u00f1a Ingresar","protected":false},"author":1,"featured_media":0,"parent":0,"menu_order":0,"comment_status":"closed","ping_status":"closed","template":"","meta":{"_joinchat":[],"footnotes":""},"class_list":["post-37","page","type-page","status-publish","hentry"],"_links":{"self":[{"href":"https:\/\/itptravelagency.online\/website_17d18275\/wp-json\/wp\/v2\/pages\/37","targetHints":{"allow":["GET"]}}],"collection":[{"href":"https:\/\/itptravelagency.online\/website_17d18275\/wp-json\/wp\/v2\/pages"}],"about":[{"href":"https:\/\/itptravelagency.online\/website_17d18275\/wp-json\/wp\/v2\/types\/page"}],"author":[{"embeddable":true,"href":"https:\/\/itptravelagency.online\/website_17d18275\/wp-json\/wp\/v2\/users\/1"}],"replies":[{"embeddable":true,"href":"https:\/\/itptravelagency.online\/website_17d18275\/wp-json\/wp\/v2\/comments?post=37"}],"version-history":[{"count":4,"href":"https:\/\/itptravelagency.online\/website_17d18275\/wp-json\/wp\/v2\/pages\/37\/revisions"}],"predecessor-version":[{"id":257,"href":"https:\/\/itptravelagency.online\/website_17d18275\/wp-json\/wp\/v2\/pages\/37\/revisions\/257"}],"wp:attachment":[{"href":"https:\/\/itptravelagency.online\/website_17d18275\/wp-json\/wp\/v2\/media?parent=37"}],"curies":[{"name":"wp","href":"https:\/\/api.w.org\/{rel}","templated":true}]}}